{"id":763,"date":"2025-03-05T20:21:46","date_gmt":"2025-03-06T01:21:46","guid":{"rendered":"https:\/\/darwinsbarkspideraluminum.com\/?page_id=763"},"modified":"2025-03-05T20:31:40","modified_gmt":"2025-03-06T01:31:40","slug":"formulario-de-cotizacion","status":"publish","type":"page","link":"https:\/\/darwinsbarkspideraluminum.com\/en\/formulario-de-cotizacion\/","title":{"rendered":"Quotation form free"},"content":{"rendered":"<p>[et_pb_section fb_built=&#8221;1&#8243; _builder_version=&#8221;4.27.4&#8243; _module_preset=&#8221;default&#8221; global_colors_info=&#8221;{}&#8221;][et_pb_row _builder_version=&#8221;4.27.4&#8243; _module_preset=&#8221;default&#8221; global_colors_info=&#8221;{}&#8221;][et_pb_column type=&#8221;4_4&#8243; _builder_version=&#8221;4.27.4&#8243; _module_preset=&#8221;default&#8221; global_colors_info=&#8221;{}&#8221;][et_pb_heading title=&#8221;Formulario de cotizaci\u00f3n gratis&#8221; _builder_version=&#8221;4.27.4&#8243; _module_preset=&#8221;default&#8221; title_text_align=&#8221;center&#8221; global_colors_info=&#8221;{}&#8221;][\/et_pb_heading][\/et_pb_column][\/et_pb_row][et_pb_row _builder_version=&#8221;4.27.4&#8243; _module_preset=&#8221;default&#8221; global_colors_info=&#8221;{}&#8221;][et_pb_column type=&#8221;4_4&#8243; _builder_version=&#8221;4.27.4&#8243; _module_preset=&#8221;default&#8221; global_colors_info=&#8221;{}&#8221;][et_pb_text _builder_version=&#8221;4.27.4&#8243; _module_preset=&#8221;default&#8221; hover_enabled=&#8221;0&#8243; global_colors_info=&#8221;{}&#8221; sticky_enabled=&#8221;0&#8243;]<\/p>\n<p>&#8220;\u00a1Bienvenido a nuestra familia de renovaci\u00f3n! Nos alegra que est\u00e9s aqu\u00ed. Queremos que disfrutes del proceso tanto como el resultado, por eso estamos aqu\u00ed para responder todas tus dudas. <strong>Completa el formulario<\/strong> y da el primer paso hacia la transformaci\u00f3n de tu espacio exterior.&#8221;<\/p>\n<p><strong>\u00a1Te esperamos con emoci\u00f3n!<\/strong><\/p>\n<p>[\/et_pb_text][\/et_pb_column][\/et_pb_row][et_pb_row _builder_version=&#8221;4.27.4&#8243; _module_preset=&#8221;default&#8221; global_module=&#8221;663&#8243; saved_tabs=&#8221;all&#8221; global_colors_info=&#8221;{}&#8221;][et_pb_column type=&#8221;4_4&#8243; _builder_version=&#8221;4.27.4&#8243; _module_preset=&#8221;default&#8221; global_colors_info=&#8221;{}&#8221;][et_pb_contact_form email=&#8221;users_form@darwinsbarkspideraluminum.com&#8221; success_message=&#8221;Su mensaje se ha enviado exitosamente&#8221; submit_button_text=&#8221;Enviar &#8221; _builder_version=&#8221;4.27.4&#8243; _module_preset=&#8221;default&#8221; _unique_id=&#8221;33b2fe53-4926-4f72-88c4-f03fbb8d0ae8&#8243; custom_button=&#8221;on&#8221; button_text_color=&#8221;#0082ff&#8221; global_colors_info=&#8221;{}&#8221;][et_pb_contact_field field_id=&#8221;Name&#8221; field_title=&#8221;Nombre&#8221; _builder_version=&#8221;4.16&#8243; global_colors_info=&#8221;{}&#8221; button_text_size__hover_enabled=&#8221;off&#8221; button_one_text_size__hover_enabled=&#8221;off&#8221; button_two_text_size__hover_enabled=&#8221;off&#8221; button_text_color__hover_enabled=&#8221;off&#8221; button_one_text_color__hover_enabled=&#8221;off&#8221; button_two_text_color__hover_enabled=&#8221;off&#8221; button_border_width__hover_enabled=&#8221;off&#8221; button_one_border_width__hover_enabled=&#8221;off&#8221; button_two_border_width__hover_enabled=&#8221;off&#8221; button_border_color__hover_enabled=&#8221;off&#8221; button_one_border_color__hover_enabled=&#8221;off&#8221; button_two_border_color__hover_enabled=&#8221;off&#8221; button_border_radius__hover_enabled=&#8221;off&#8221; button_one_border_radius__hover_enabled=&#8221;off&#8221; button_two_border_radius__hover_enabled=&#8221;off&#8221; button_letter_spacing__hover_enabled=&#8221;off&#8221; button_one_letter_spacing__hover_enabled=&#8221;off&#8221; button_two_letter_spacing__hover_enabled=&#8221;off&#8221; button_bg_color__hover_enabled=&#8221;off&#8221; button_one_bg_color__hover_enabled=&#8221;off&#8221; button_two_bg_color__hover_enabled=&#8221;off&#8221;][\/et_pb_contact_field][et_pb_contact_field field_id=&#8221;Email&#8221; field_title=&#8221;Direcci\u00f3n de correo electr\u00f3nico&#8221; field_type=&#8221;email&#8221; _builder_version=&#8221;4.16&#8243; global_colors_info=&#8221;{}&#8221; button_text_size__hover_enabled=&#8221;off&#8221; button_one_text_size__hover_enabled=&#8221;off&#8221; button_two_text_size__hover_enabled=&#8221;off&#8221; button_text_color__hover_enabled=&#8221;off&#8221; button_one_text_color__hover_enabled=&#8221;off&#8221; button_two_text_color__hover_enabled=&#8221;off&#8221; button_border_width__hover_enabled=&#8221;off&#8221; button_one_border_width__hover_enabled=&#8221;off&#8221; button_two_border_width__hover_enabled=&#8221;off&#8221; button_border_color__hover_enabled=&#8221;off&#8221; button_one_border_color__hover_enabled=&#8221;off&#8221; button_two_border_color__hover_enabled=&#8221;off&#8221; button_border_radius__hover_enabled=&#8221;off&#8221; button_one_border_radius__hover_enabled=&#8221;off&#8221; button_two_border_radius__hover_enabled=&#8221;off&#8221; button_letter_spacing__hover_enabled=&#8221;off&#8221; button_one_letter_spacing__hover_enabled=&#8221;off&#8221; button_two_letter_spacing__hover_enabled=&#8221;off&#8221; button_bg_color__hover_enabled=&#8221;off&#8221; button_one_bg_color__hover_enabled=&#8221;off&#8221; button_two_bg_color__hover_enabled=&#8221;off&#8221;][\/et_pb_contact_field][et_pb_contact_field field_id=&#8221;Message&#8221; field_title=&#8221;Mensaje&#8221; field_type=&#8221;text&#8221; fullwidth_field=&#8221;on&#8221; _builder_version=&#8221;4.16&#8243; global_colors_info=&#8221;{}&#8221; button_text_size__hover_enabled=&#8221;off&#8221; button_one_text_size__hover_enabled=&#8221;off&#8221; button_two_text_size__hover_enabled=&#8221;off&#8221; button_text_color__hover_enabled=&#8221;off&#8221; button_one_text_color__hover_enabled=&#8221;off&#8221; button_two_text_color__hover_enabled=&#8221;off&#8221; button_border_width__hover_enabled=&#8221;off&#8221; button_one_border_width__hover_enabled=&#8221;off&#8221; button_two_border_width__hover_enabled=&#8221;off&#8221; button_border_color__hover_enabled=&#8221;off&#8221; button_one_border_color__hover_enabled=&#8221;off&#8221; button_two_border_color__hover_enabled=&#8221;off&#8221; button_border_radius__hover_enabled=&#8221;off&#8221; button_one_border_radius__hover_enabled=&#8221;off&#8221; button_two_border_radius__hover_enabled=&#8221;off&#8221; button_letter_spacing__hover_enabled=&#8221;off&#8221; button_one_letter_spacing__hover_enabled=&#8221;off&#8221; button_two_letter_spacing__hover_enabled=&#8221;off&#8221; button_bg_color__hover_enabled=&#8221;off&#8221; button_one_bg_color__hover_enabled=&#8221;off&#8221; button_two_bg_color__hover_enabled=&#8221;off&#8221;][\/et_pb_contact_field][\/et_pb_contact_form][\/et_pb_column][\/et_pb_row][\/et_pb_section]<\/p>\n","protected":false},"excerpt":{"rendered":"<p>&#8220;\u00a1Bienvenido a nuestra familia de renovaci\u00f3n! Nos alegra que est\u00e9s aqu\u00ed. Queremos que disfrutes del proceso tanto como el resultado, por eso estamos aqu\u00ed para responder todas tus dudas. Completa el formulario y da el primer paso hacia la transformaci\u00f3n de tu espacio exterior.&#8221; \u00a1Te esperamos con emoci\u00f3n!<\/p>","protected":false},"author":1,"featured_media":0,"parent":0,"menu_order":0,"comment_status":"closed","ping_status":"closed","template":"","meta":{"nf_dc_page":"","_et_pb_use_builder":"on","_et_pb_old_content":"","_et_gb_content_width":"","footnotes":""},"class_list":["post-763","page","type-page","status-publish","hentry"],"yoast_head":"<!-- This site is optimized with the Yoast SEO plugin v27.6 - https:\/\/yoast.com\/product\/yoast-seo-wordpress\/ -->\n<title>Formulario de cotizaci\u00f3n gratis | Darwins Bark Spider Aluminum LLC<\/title>\n<meta name=\"robots\" content=\"index, follow, max-snippet:-1, max-image-preview:large, max-video-preview:-1\" \/>\n<link rel=\"canonical\" href=\"https:\/\/darwinsbarkspideraluminum.com\/en\/formulario-de-cotizacion\/\" \/>\n<meta property=\"og:locale\" content=\"en_US\" \/>\n<meta property=\"og:type\" content=\"article\" \/>\n<meta property=\"og:title\" content=\"Formulario de cotizaci\u00f3n gratis | Darwins Bark Spider Aluminum LLC\" \/>\n<meta property=\"og:description\" content=\"&quot;\u00a1Bienvenido a nuestra familia de renovaci\u00f3n! Nos alegra que est\u00e9s aqu\u00ed. Queremos que disfrutes del proceso tanto como el resultado, por eso estamos aqu\u00ed para responder todas tus dudas. Completa el formulario y da el primer paso hacia la transformaci\u00f3n de tu espacio exterior.&quot; \u00a1Te esperamos con emoci\u00f3n!\" \/>\n<meta property=\"og:url\" content=\"https:\/\/darwinsbarkspideraluminum.com\/en\/formulario-de-cotizacion\/\" \/>\n<meta property=\"og:site_name\" content=\"Darwins Bark Spider Aluminum LLC\" \/>\n<meta property=\"article:publisher\" content=\"https:\/\/www.facebook.com\/darwins.bark.spider\" \/>\n<meta property=\"article:modified_time\" content=\"2025-03-06T01:31:40+00:00\" \/>\n<meta name=\"twitter:card\" content=\"summary_large_image\" \/>\n<meta name=\"twitter:site\" content=\"@dbarkspider\" \/>\n<meta name=\"twitter:label1\" content=\"Est. reading time\" \/>\n\t<meta name=\"twitter:data1\" content=\"4 minutes\" \/>\n<script type=\"application\/ld+json\" class=\"yoast-schema-graph\">{\"@context\":\"https:\\\/\\\/schema.org\",\"@graph\":[{\"@type\":\"WebPage\",\"@id\":\"https:\\\/\\\/darwinsbarkspideraluminum.com\\\/formulario-de-cotizacion\\\/\",\"url\":\"https:\\\/\\\/darwinsbarkspideraluminum.com\\\/formulario-de-cotizacion\\\/\",\"name\":\"Formulario de cotizaci\u00f3n gratis | Darwins Bark Spider Aluminum LLC\",\"isPartOf\":{\"@id\":\"https:\\\/\\\/darwinsbarkspideraluminum.com\\\/#website\"},\"datePublished\":\"2025-03-06T01:21:46+00:00\",\"dateModified\":\"2025-03-06T01:31:40+00:00\",\"breadcrumb\":{\"@id\":\"https:\\\/\\\/darwinsbarkspideraluminum.com\\\/formulario-de-cotizacion\\\/#breadcrumb\"},\"inLanguage\":\"en-US\",\"potentialAction\":[{\"@type\":\"ReadAction\",\"target\":[\"https:\\\/\\\/darwinsbarkspideraluminum.com\\\/formulario-de-cotizacion\\\/\"]}]},{\"@type\":\"BreadcrumbList\",\"@id\":\"https:\\\/\\\/darwinsbarkspideraluminum.com\\\/formulario-de-cotizacion\\\/#breadcrumb\",\"itemListElement\":[{\"@type\":\"ListItem\",\"position\":1,\"name\":\"Home\",\"item\":\"https:\\\/\\\/darwinsbarkspideraluminum.com\\\/\"},{\"@type\":\"ListItem\",\"position\":2,\"name\":\"Formulario de cotizaci\u00f3n gratis\"}]},{\"@type\":\"WebSite\",\"@id\":\"https:\\\/\\\/darwinsbarkspideraluminum.com\\\/#website\",\"url\":\"https:\\\/\\\/darwinsbarkspideraluminum.com\\\/\",\"name\":\"Darwins Bark Spider Aluminum LLC\",\"description\":\"Empresa dedicada a la reparaci\u00f3n de  Pool Cage Screen , lanai\",\"publisher\":{\"@id\":\"https:\\\/\\\/darwinsbarkspideraluminum.com\\\/#organization\"},\"alternateName\":\"Darwins Bark Spider Aluminum\",\"potentialAction\":[{\"@type\":\"SearchAction\",\"target\":{\"@type\":\"EntryPoint\",\"urlTemplate\":\"https:\\\/\\\/darwinsbarkspideraluminum.com\\\/?s={search_term_string}\"},\"query-input\":{\"@type\":\"PropertyValueSpecification\",\"valueRequired\":true,\"valueName\":\"search_term_string\"}}],\"inLanguage\":\"en-US\"},{\"@type\":\"Organization\",\"@id\":\"https:\\\/\\\/darwinsbarkspideraluminum.com\\\/#organization\",\"name\":\"Darwins Bark Spider Aluminum LLC\",\"alternateName\":\"Darwins Bark Spider Aluminum\",\"url\":\"https:\\\/\\\/darwinsbarkspideraluminum.com\\\/\",\"logo\":{\"@type\":\"ImageObject\",\"inLanguage\":\"en-US\",\"@id\":\"https:\\\/\\\/darwinsbarkspideraluminum.com\\\/#\\\/schema\\\/logo\\\/image\\\/\",\"url\":\"https:\\\/\\\/i0.wp.com\\\/darwinsbarkspideraluminum.com\\\/wp-content\\\/uploads\\\/2025\\\/02\\\/Proyecto-nuevo2.png?fit=1450%2C1250&ssl=1\",\"contentUrl\":\"https:\\\/\\\/i0.wp.com\\\/darwinsbarkspideraluminum.com\\\/wp-content\\\/uploads\\\/2025\\\/02\\\/Proyecto-nuevo2.png?fit=1450%2C1250&ssl=1\",\"width\":1450,\"height\":1250,\"caption\":\"Darwins Bark Spider Aluminum LLC\"},\"image\":{\"@id\":\"https:\\\/\\\/darwinsbarkspideraluminum.com\\\/#\\\/schema\\\/logo\\\/image\\\/\"},\"sameAs\":[\"https:\\\/\\\/www.facebook.com\\\/darwins.bark.spider\",\"https:\\\/\\\/x.com\\\/dbarkspider\",\"https:\\\/\\\/www.instagram.com\\\/darwinsbarkspider\\\/\"]}]}<\/script>\n<!-- \/ Yoast SEO plugin. -->","yoast_head_json":{"title":"Formulario de cotizaci\u00f3n gratis | Darwins Bark Spider Aluminum LLC","robots":{"index":"index","follow":"follow","max-snippet":"max-snippet:-1","max-image-preview":"max-image-preview:large","max-video-preview":"max-video-preview:-1"},"canonical":"https:\/\/darwinsbarkspideraluminum.com\/en\/formulario-de-cotizacion\/","og_locale":"en_US","og_type":"article","og_title":"Formulario de cotizaci\u00f3n gratis | Darwins Bark Spider Aluminum LLC","og_description":"\"\u00a1Bienvenido a nuestra familia de renovaci\u00f3n! Nos alegra que est\u00e9s aqu\u00ed. Queremos que disfrutes del proceso tanto como el resultado, por eso estamos aqu\u00ed para responder todas tus dudas. Completa el formulario y da el primer paso hacia la transformaci\u00f3n de tu espacio exterior.\" \u00a1Te esperamos con emoci\u00f3n!","og_url":"https:\/\/darwinsbarkspideraluminum.com\/en\/formulario-de-cotizacion\/","og_site_name":"Darwins Bark Spider Aluminum LLC","article_publisher":"https:\/\/www.facebook.com\/darwins.bark.spider","article_modified_time":"2025-03-06T01:31:40+00:00","twitter_card":"summary_large_image","twitter_site":"@dbarkspider","twitter_misc":{"Est. reading time":"4 minutes"},"schema":{"@context":"https:\/\/schema.org","@graph":[{"@type":"WebPage","@id":"https:\/\/darwinsbarkspideraluminum.com\/formulario-de-cotizacion\/","url":"https:\/\/darwinsbarkspideraluminum.com\/formulario-de-cotizacion\/","name":"Formulario de cotizaci\u00f3n gratis | Darwins Bark Spider Aluminum LLC","isPartOf":{"@id":"https:\/\/darwinsbarkspideraluminum.com\/#website"},"datePublished":"2025-03-06T01:21:46+00:00","dateModified":"2025-03-06T01:31:40+00:00","breadcrumb":{"@id":"https:\/\/darwinsbarkspideraluminum.com\/formulario-de-cotizacion\/#breadcrumb"},"inLanguage":"en-US","potentialAction":[{"@type":"ReadAction","target":["https:\/\/darwinsbarkspideraluminum.com\/formulario-de-cotizacion\/"]}]},{"@type":"BreadcrumbList","@id":"https:\/\/darwinsbarkspideraluminum.com\/formulario-de-cotizacion\/#breadcrumb","itemListElement":[{"@type":"ListItem","position":1,"name":"Home","item":"https:\/\/darwinsbarkspideraluminum.com\/"},{"@type":"ListItem","position":2,"name":"Formulario de cotizaci\u00f3n gratis"}]},{"@type":"WebSite","@id":"https:\/\/darwinsbarkspideraluminum.com\/#website","url":"https:\/\/darwinsbarkspideraluminum.com\/","name":"Darwins Bark Spider Aluminum LLC","description":"Empresa dedicada a la reparaci\u00f3n de  Pool Cage Screen , lanai","publisher":{"@id":"https:\/\/darwinsbarkspideraluminum.com\/#organization"},"alternateName":"Darwins Bark Spider Aluminum","potentialAction":[{"@type":"SearchAction","target":{"@type":"EntryPoint","urlTemplate":"https:\/\/darwinsbarkspideraluminum.com\/?s={search_term_string}"},"query-input":{"@type":"PropertyValueSpecification","valueRequired":true,"valueName":"search_term_string"}}],"inLanguage":"en-US"},{"@type":"Organization","@id":"https:\/\/darwinsbarkspideraluminum.com\/#organization","name":"Darwins Bark Spider Aluminum LLC","alternateName":"Darwins Bark Spider Aluminum","url":"https:\/\/darwinsbarkspideraluminum.com\/","logo":{"@type":"ImageObject","inLanguage":"en-US","@id":"https:\/\/darwinsbarkspideraluminum.com\/#\/schema\/logo\/image\/","url":"https:\/\/i0.wp.com\/darwinsbarkspideraluminum.com\/wp-content\/uploads\/2025\/02\/Proyecto-nuevo2.png?fit=1450%2C1250&ssl=1","contentUrl":"https:\/\/i0.wp.com\/darwinsbarkspideraluminum.com\/wp-content\/uploads\/2025\/02\/Proyecto-nuevo2.png?fit=1450%2C1250&ssl=1","width":1450,"height":1250,"caption":"Darwins Bark Spider Aluminum LLC"},"image":{"@id":"https:\/\/darwinsbarkspideraluminum.com\/#\/schema\/logo\/image\/"},"sameAs":["https:\/\/www.facebook.com\/darwins.bark.spider","https:\/\/x.com\/dbarkspider","https:\/\/www.instagram.com\/darwinsbarkspider\/"]}]}},"jetpack_sharing_enabled":true,"jetpack_likes_enabled":true,"_links":{"self":[{"href":"https:\/\/darwinsbarkspideraluminum.com\/en\/wp-json\/wp\/v2\/pages\/763","targetHints":{"allow":["GET"]}}],"collection":[{"href":"https:\/\/darwinsbarkspideraluminum.com\/en\/wp-json\/wp\/v2\/pages"}],"about":[{"href":"https:\/\/darwinsbarkspideraluminum.com\/en\/wp-json\/wp\/v2\/types\/page"}],"author":[{"embeddable":true,"href":"https:\/\/darwinsbarkspideraluminum.com\/en\/wp-json\/wp\/v2\/users\/1"}],"replies":[{"embeddable":true,"href":"https:\/\/darwinsbarkspideraluminum.com\/en\/wp-json\/wp\/v2\/comments?post=763"}],"version-history":[{"count":4,"href":"https:\/\/darwinsbarkspideraluminum.com\/en\/wp-json\/wp\/v2\/pages\/763\/revisions"}],"predecessor-version":[{"id":768,"href":"https:\/\/darwinsbarkspideraluminum.com\/en\/wp-json\/wp\/v2\/pages\/763\/revisions\/768"}],"wp:attachment":[{"href":"https:\/\/darwinsbarkspideraluminum.com\/en\/wp-json\/wp\/v2\/media?parent=763"}],"curies":[{"name":"wp","href":"https:\/\/api.w.org\/{rel}","templated":true}]}}